{"id":20,"date":"2024-11-05T20:08:28","date_gmt":"2024-11-05T19:08:28","guid":{"rendered":"https:\/\/lescigalesdugresas.fr\/?page_id=20"},"modified":"2024-12-01T17:47:33","modified_gmt":"2024-12-01T16:47:33","slug":"les-joueurs","status":"publish","type":"page","link":"https:\/\/lescigalesdugresas.fr\/index.php\/improximatifs\/les-joueurs\/","title":{"rendered":"Les joueurs"},"content":{"rendered":"\n<p class=\"has-text-align-center\">6 femmes + 6 hommes = 12 passionn\u00e9s d&#8217;impro <br>qui se relaient sur sc\u00e8ne et en coulisses pour renouveler chaque spectacle.<\/p>\n\n\n\n<p><strong>A toi de jouer :<\/strong> lequel de ces Improximatifs n&#8217;est jamais all\u00e9 sur la lune ?<\/p>\n\n\n\n<div class=\"wp-block-group is-layout-grid wp-container-core-group-is-layout-baef362d wp-block-group-is-layout-grid\">\n<div class=\"wp-block-media-text is-stacked-on-mobile\"><figure class=\"wp-block-media-text__media\"><img loading=\"lazy\" decoding=\"async\" width=\"900\" height=\"900\" src=\"http:\/\/lescigalesdugresas.fr\/wp-content\/uploads\/2024\/12\/jonas.jpg\" alt=\"\" class=\"wp-image-139 size-full\" srcset=\"https:\/\/lescigalesdugresas.fr\/wp-content\/uploads\/2024\/12\/jonas.jpg 900w, https:\/\/lescigalesdugresas.fr\/wp-content\/uploads\/2024\/12\/jonas-300x300.jpg 300w, https:\/\/lescigalesdugresas.fr\/wp-content\/uploads\/2024\/12\/jonas-150x150.jpg 150w, https:\/\/lescigalesdugresas.fr\/wp-content\/uploads\/2024\/12\/jonas-768x768.jpg 768w, https:\/\/lescigalesdugresas.fr\/wp-content\/uploads\/2024\/12\/jonas-100x100.jpg 100w\" sizes=\"auto, (max-width: 767px) 89vw, (max-width: 1000px) 54vw, (max-width: 1071px) 543px, 580px\" \/><\/figure><div class=\"wp-block-media-text__content\">\n<h4 class=\"wp-block-heading\">Jonas<\/h4>\n\n\n\n<p>Djah l&#8217;inspire<\/p>\n<\/div><\/div>\n\n\n\n<div class=\"wp-block-media-text is-stacked-on-mobile\"><figure class=\"wp-block-media-text__media\"><img loading=\"lazy\" decoding=\"async\" width=\"900\" height=\"900\" src=\"http:\/\/lescigalesdugresas.fr\/wp-content\/uploads\/2024\/12\/marie-anne.jpg\" alt=\"\" class=\"wp-image-140 size-full\" srcset=\"https:\/\/lescigalesdugresas.fr\/wp-content\/uploads\/2024\/12\/marie-anne.jpg 900w, https:\/\/lescigalesdugresas.fr\/wp-content\/uploads\/2024\/12\/marie-anne-300x300.jpg 300w, https:\/\/lescigalesdugresas.fr\/wp-content\/uploads\/2024\/12\/marie-anne-150x150.jpg 150w, https:\/\/lescigalesdugresas.fr\/wp-content\/uploads\/2024\/12\/marie-anne-768x768.jpg 768w, https:\/\/lescigalesdugresas.fr\/wp-content\/uploads\/2024\/12\/marie-anne-100x100.jpg 100w\" sizes=\"auto, (max-width: 767px) 89vw, (max-width: 1000px) 54vw, (max-width: 1071px) 543px, 580px\" \/><\/figure><div class=\"wp-block-media-text__content\">\n<h4 class=\"wp-block-heading\">Marie-Anne<\/h4>\n\n\n\n<p>Tout est possible<\/p>\n<\/div><\/div>\n<\/div>\n\n\n\n<hr class=\"wp-block-separator has-alpha-channel-opacity is-style-wide\"\/>\n\n\n\n<div class=\"wp-block-group is-layout-grid wp-container-core-group-is-layout-baef362d wp-block-group-is-layout-grid\">\n<div class=\"wp-block-group is-layout-grid wp-container-core-group-is-layout-9649a0d9 wp-block-group-is-layout-grid\">\n<div class=\"wp-block-media-text is-stacked-on-mobile\"><figure class=\"wp-block-media-text__media\"><img loading=\"lazy\" decoding=\"async\" width=\"900\" height=\"900\" src=\"http:\/\/lescigalesdugresas.fr\/wp-content\/uploads\/2024\/12\/guillaume.jpg\" alt=\"\" class=\"wp-image-148 size-full\" srcset=\"https:\/\/lescigalesdugresas.fr\/wp-content\/uploads\/2024\/12\/guillaume.jpg 900w, https:\/\/lescigalesdugresas.fr\/wp-content\/uploads\/2024\/12\/guillaume-300x300.jpg 300w, https:\/\/lescigalesdugresas.fr\/wp-content\/uploads\/2024\/12\/guillaume-150x150.jpg 150w, https:\/\/lescigalesdugresas.fr\/wp-content\/uploads\/2024\/12\/guillaume-768x768.jpg 768w, https:\/\/lescigalesdugresas.fr\/wp-content\/uploads\/2024\/12\/guillaume-100x100.jpg 100w\" sizes=\"auto, (max-width: 767px) 89vw, (max-width: 1000px) 54vw, (max-width: 1071px) 543px, 580px\" \/><\/figure><div class=\"wp-block-media-text__content\">\n<h4 class=\"wp-block-heading\">Guillaume<\/h4>\n\n\n\n<p>Flamant pr\u00e9sidentiel<\/p>\n<\/div><\/div>\n<\/div>\n\n\n\n<div class=\"wp-block-media-text is-stacked-on-mobile\"><figure class=\"wp-block-media-text__media\"><img loading=\"lazy\" decoding=\"async\" width=\"900\" height=\"900\" src=\"http:\/\/lescigalesdugresas.fr\/wp-content\/uploads\/2024\/12\/loic.jpg\" alt=\"\" class=\"wp-image-143 size-full\" srcset=\"https:\/\/lescigalesdugresas.fr\/wp-content\/uploads\/2024\/12\/loic.jpg 900w, https:\/\/lescigalesdugresas.fr\/wp-content\/uploads\/2024\/12\/loic-300x300.jpg 300w, https:\/\/lescigalesdugresas.fr\/wp-content\/uploads\/2024\/12\/loic-150x150.jpg 150w, https:\/\/lescigalesdugresas.fr\/wp-content\/uploads\/2024\/12\/loic-768x768.jpg 768w, https:\/\/lescigalesdugresas.fr\/wp-content\/uploads\/2024\/12\/loic-100x100.jpg 100w\" sizes=\"auto, (max-width: 767px) 89vw, (max-width: 1000px) 54vw, (max-width: 1071px) 543px, 580px\" \/><\/figure><div class=\"wp-block-media-text__content\">\n<h4 class=\"wp-block-heading\">Lo\u00efc<\/h4>\n\n\n\n<p>Dit Lo\u00efc Ier<\/p>\n<\/div><\/div>\n<\/div>\n\n\n\n<hr class=\"wp-block-separator has-alpha-channel-opacity is-style-wide\"\/>\n\n\n\n<div class=\"wp-block-group is-layout-grid wp-container-core-group-is-layout-baef362d wp-block-group-is-layout-grid\">\n<div class=\"wp-block-media-text is-stacked-on-mobile\"><figure class=\"wp-block-media-text__media\"><img loading=\"lazy\" decoding=\"async\" width=\"900\" height=\"900\" src=\"http:\/\/lescigalesdugresas.fr\/wp-content\/uploads\/2024\/12\/flo.jpg\" alt=\"\" class=\"wp-image-141 size-full\" srcset=\"https:\/\/lescigalesdugresas.fr\/wp-content\/uploads\/2024\/12\/flo.jpg 900w, https:\/\/lescigalesdugresas.fr\/wp-content\/uploads\/2024\/12\/flo-300x300.jpg 300w, https:\/\/lescigalesdugresas.fr\/wp-content\/uploads\/2024\/12\/flo-150x150.jpg 150w, https:\/\/lescigalesdugresas.fr\/wp-content\/uploads\/2024\/12\/flo-768x768.jpg 768w, https:\/\/lescigalesdugresas.fr\/wp-content\/uploads\/2024\/12\/flo-100x100.jpg 100w\" sizes=\"auto, (max-width: 767px) 89vw, (max-width: 1000px) 54vw, (max-width: 1071px) 543px, 580px\" \/><\/figure><div class=\"wp-block-media-text__content\">\n<h4 class=\"wp-block-heading\">Florence<\/h4>\n\n\n\n<p>Serial dinguerie<\/p>\n<\/div><\/div>\n\n\n\n<div class=\"wp-block-media-text is-stacked-on-mobile\"><figure class=\"wp-block-media-text__media\"><img loading=\"lazy\" decoding=\"async\" width=\"900\" height=\"900\" src=\"http:\/\/lescigalesdugresas.fr\/wp-content\/uploads\/2024\/12\/faustine.jpg\" alt=\"\" class=\"wp-image-146 size-full\" srcset=\"https:\/\/lescigalesdugresas.fr\/wp-content\/uploads\/2024\/12\/faustine.jpg 900w, https:\/\/lescigalesdugresas.fr\/wp-content\/uploads\/2024\/12\/faustine-300x300.jpg 300w, https:\/\/lescigalesdugresas.fr\/wp-content\/uploads\/2024\/12\/faustine-150x150.jpg 150w, https:\/\/lescigalesdugresas.fr\/wp-content\/uploads\/2024\/12\/faustine-768x768.jpg 768w, https:\/\/lescigalesdugresas.fr\/wp-content\/uploads\/2024\/12\/faustine-100x100.jpg 100w\" sizes=\"auto, (max-width: 767px) 89vw, (max-width: 1000px) 54vw, (max-width: 1071px) 543px, 580px\" \/><\/figure><div class=\"wp-block-media-text__content\">\n<h4 class=\"wp-block-heading\">Faustine<\/h4>\n\n\n\n<p>T&#8217;es pas pr\u00eat<\/p>\n<\/div><\/div>\n<\/div>\n\n\n\n<hr class=\"wp-block-separator has-alpha-channel-opacity is-style-wide\"\/>\n\n\n\n<div class=\"wp-block-group is-layout-grid wp-container-core-group-is-layout-baef362d wp-block-group-is-layout-grid\">\n<div class=\"wp-block-media-text is-stacked-on-mobile\"><figure class=\"wp-block-media-text__media\"><img loading=\"lazy\" decoding=\"async\" width=\"900\" height=\"900\" src=\"http:\/\/lescigalesdugresas.fr\/wp-content\/uploads\/2024\/12\/jo.jpg\" alt=\"\" class=\"wp-image-138 size-full\" srcset=\"https:\/\/lescigalesdugresas.fr\/wp-content\/uploads\/2024\/12\/jo.jpg 900w, https:\/\/lescigalesdugresas.fr\/wp-content\/uploads\/2024\/12\/jo-300x300.jpg 300w, https:\/\/lescigalesdugresas.fr\/wp-content\/uploads\/2024\/12\/jo-150x150.jpg 150w, https:\/\/lescigalesdugresas.fr\/wp-content\/uploads\/2024\/12\/jo-768x768.jpg 768w, https:\/\/lescigalesdugresas.fr\/wp-content\/uploads\/2024\/12\/jo-100x100.jpg 100w\" sizes=\"auto, (max-width: 767px) 89vw, (max-width: 1000px) 54vw, (max-width: 1071px) 543px, 580px\" \/><\/figure><div class=\"wp-block-media-text__content\">\n<h4 class=\"wp-block-heading\">Jo<\/h4>\n\n\n\n<p>Che Quirira<\/p>\n<\/div><\/div>\n\n\n\n<div class=\"wp-block-media-text is-stacked-on-mobile\"><figure class=\"wp-block-media-text__media\"><img loading=\"lazy\" decoding=\"async\" width=\"900\" height=\"900\" src=\"http:\/\/lescigalesdugresas.fr\/wp-content\/uploads\/2024\/12\/cecile.jpg\" alt=\"\" class=\"wp-image-145 size-full\" srcset=\"https:\/\/lescigalesdugresas.fr\/wp-content\/uploads\/2024\/12\/cecile.jpg 900w, https:\/\/lescigalesdugresas.fr\/wp-content\/uploads\/2024\/12\/cecile-300x300.jpg 300w, https:\/\/lescigalesdugresas.fr\/wp-content\/uploads\/2024\/12\/cecile-150x150.jpg 150w, https:\/\/lescigalesdugresas.fr\/wp-content\/uploads\/2024\/12\/cecile-768x768.jpg 768w, https:\/\/lescigalesdugresas.fr\/wp-content\/uploads\/2024\/12\/cecile-100x100.jpg 100w\" sizes=\"auto, (max-width: 767px) 89vw, (max-width: 1000px) 54vw, (max-width: 1071px) 543px, 580px\" \/><\/figure><div class=\"wp-block-media-text__content\">\n<h4 class=\"wp-block-heading\">C\u00e9cile<\/h4>\n\n\n\n<p>\u00c8s Punchlines<\/p>\n<\/div><\/div>\n<\/div>\n\n\n\n<hr class=\"wp-block-separator has-alpha-channel-opacity is-style-wide\"\/>\n\n\n\n<div class=\"wp-block-group is-layout-grid wp-container-core-group-is-layout-baef362d wp-block-group-is-layout-grid\">\n<div class=\"wp-block-media-text is-stacked-on-mobile\"><figure class=\"wp-block-media-text__media\"><img loading=\"lazy\" decoding=\"async\" width=\"900\" height=\"900\" src=\"http:\/\/lescigalesdugresas.fr\/wp-content\/uploads\/2024\/12\/ann.jpg\" alt=\"\" class=\"wp-image-144 size-full\" srcset=\"https:\/\/lescigalesdugresas.fr\/wp-content\/uploads\/2024\/12\/ann.jpg 900w, https:\/\/lescigalesdugresas.fr\/wp-content\/uploads\/2024\/12\/ann-300x300.jpg 300w, https:\/\/lescigalesdugresas.fr\/wp-content\/uploads\/2024\/12\/ann-150x150.jpg 150w, https:\/\/lescigalesdugresas.fr\/wp-content\/uploads\/2024\/12\/ann-768x768.jpg 768w, https:\/\/lescigalesdugresas.fr\/wp-content\/uploads\/2024\/12\/ann-100x100.jpg 100w\" sizes=\"auto, (max-width: 767px) 89vw, (max-width: 1000px) 54vw, (max-width: 1071px) 543px, 580px\" \/><\/figure><div class=\"wp-block-media-text__content\">\n<h4 class=\"wp-block-heading\">Ann<\/h4>\n\n\n\n<p>Comic tornado<\/p>\n<\/div><\/div>\n\n\n\n<div class=\"wp-block-media-text is-stacked-on-mobile\"><figure class=\"wp-block-media-text__media\"><img loading=\"lazy\" decoding=\"async\" width=\"900\" height=\"900\" src=\"http:\/\/lescigalesdugresas.fr\/wp-content\/uploads\/2024\/12\/josselin.jpg\" alt=\"\" class=\"wp-image-142 size-full\" srcset=\"https:\/\/lescigalesdugresas.fr\/wp-content\/uploads\/2024\/12\/josselin.jpg 900w, https:\/\/lescigalesdugresas.fr\/wp-content\/uploads\/2024\/12\/josselin-300x300.jpg 300w, https:\/\/lescigalesdugresas.fr\/wp-content\/uploads\/2024\/12\/josselin-150x150.jpg 150w, https:\/\/lescigalesdugresas.fr\/wp-content\/uploads\/2024\/12\/josselin-768x768.jpg 768w, https:\/\/lescigalesdugresas.fr\/wp-content\/uploads\/2024\/12\/josselin-100x100.jpg 100w\" sizes=\"auto, (max-width: 767px) 89vw, (max-width: 1000px) 54vw, (max-width: 1071px) 543px, 580px\" \/><\/figure><div class=\"wp-block-media-text__content\">\n<h4 class=\"wp-block-heading\">Joss<\/h4>\n\n\n\n<p>Activiste<\/p>\n<\/div><\/div>\n<\/div>\n\n\n\n<hr class=\"wp-block-separator has-alpha-channel-opacity is-style-wide\"\/>\n\n\n\n<div class=\"wp-block-group is-layout-grid wp-container-core-group-is-layout-baef362d wp-block-group-is-layout-grid\">\n<div class=\"wp-block-media-text is-stacked-on-mobile\"><figure class=\"wp-block-media-text__media\"><img loading=\"lazy\" decoding=\"async\" width=\"1024\" height=\"1024\" src=\"http:\/\/lescigalesdugresas.fr\/wp-content\/uploads\/2024\/11\/Design-sans-titre-1024x1024.png\" alt=\"\" class=\"wp-image-105 size-full\" srcset=\"https:\/\/lescigalesdugresas.fr\/wp-content\/uploads\/2024\/11\/Design-sans-titre-1024x1024.png 1024w, https:\/\/lescigalesdugresas.fr\/wp-content\/uploads\/2024\/11\/Design-sans-titre-300x300.png 300w, https:\/\/lescigalesdugresas.fr\/wp-content\/uploads\/2024\/11\/Design-sans-titre-150x150.png 150w, https:\/\/lescigalesdugresas.fr\/wp-content\/uploads\/2024\/11\/Design-sans-titre-768x768.png 768w, https:\/\/lescigalesdugresas.fr\/wp-content\/uploads\/2024\/11\/Design-sans-titre-100x100.png 100w, https:\/\/lescigalesdugresas.fr\/wp-content\/uploads\/2024\/11\/Design-sans-titre.png 1080w\" sizes=\"auto, (max-width: 767px) 89vw, (max-width: 1000px) 54vw, (max-width: 1071px) 543px, 580px\" \/><\/figure><div class=\"wp-block-media-text__content\">\n<h4 class=\"wp-block-heading\">Buzz<\/h4>\n\n\n\n<p>Aldrin<\/p>\n<\/div><\/div>\n\n\n\n<div class=\"wp-block-media-text is-stacked-on-mobile\"><figure class=\"wp-block-media-text__media\"><img loading=\"lazy\" decoding=\"async\" width=\"900\" height=\"900\" src=\"http:\/\/lescigalesdugresas.fr\/wp-content\/uploads\/2024\/12\/fred.jpg\" alt=\"\" class=\"wp-image-147 size-full\" srcset=\"https:\/\/lescigalesdugresas.fr\/wp-content\/uploads\/2024\/12\/fred.jpg 900w, https:\/\/lescigalesdugresas.fr\/wp-content\/uploads\/2024\/12\/fred-300x300.jpg 300w, https:\/\/lescigalesdugresas.fr\/wp-content\/uploads\/2024\/12\/fred-150x150.jpg 150w, https:\/\/lescigalesdugresas.fr\/wp-content\/uploads\/2024\/12\/fred-768x768.jpg 768w, https:\/\/lescigalesdugresas.fr\/wp-content\/uploads\/2024\/12\/fred-100x100.jpg 100w\" sizes=\"auto, (max-width: 767px) 89vw, (max-width: 1000px) 54vw, (max-width: 1071px) 543px, 580px\" \/><\/figure><div class=\"wp-block-media-text__content\">\n<h4 class=\"wp-block-heading\">Fred<\/h4>\n\n\n\n<p>XX<sup>\u00e8me<\/sup> si\u00e8cle<\/p>\n<\/div><\/div>\n<\/div>\n","protected":false},"excerpt":{"rendered":"<p>6 femmes + 6 hommes = 12 passionn\u00e9s d&#8217;impro qui se relaient sur sc\u00e8ne et en coulisses pour renouveler chaque spectacle. A toi de jouer : lequel de ces Improximatifs &hellip; <\/p>\n<p class=\"link-more\"><a href=\"https:\/\/lescigalesdugresas.fr\/index.php\/improximatifs\/les-joueurs\/\" class=\"more-link\">Continue reading<span class=\"screen-reader-text\"> &#8220;Les joueurs&#8221;<\/span><\/a><\/p>\n","protected":false},"author":1,"featured_media":105,"parent":7,"menu_order":60,"comment_status":"closed","ping_status":"closed","template":"","meta":{"footnotes":""},"class_list":["post-20","page","type-page","status-publish","has-post-thumbnail","hentry"],"yoast_head":"<!-- This site is optimized with the Yoast SEO plugin v27.3 - https:\/\/yoast.com\/product\/yoast-seo-wordpress\/ -->\n<title>Les joueurs - Les Cigales du Gresas<\/title>\n<meta name=\"robots\" content=\"index, follow, max-snippet:-1, max-image-preview:large, max-video-preview:-1\" \/>\n<link rel=\"canonical\" href=\"https:\/\/lescigalesdugresas.fr\/index.php\/improximatifs\/les-joueurs\/\" \/>\n<meta property=\"og:locale\" content=\"en_US\" \/>\n<meta property=\"og:type\" content=\"article\" \/>\n<meta property=\"og:title\" content=\"Les joueurs - Les Cigales du Gresas\" \/>\n<meta property=\"og:description\" content=\"6 femmes + 6 hommes = 12 passionn\u00e9s d&#8217;impro qui se relaient sur sc\u00e8ne et en coulisses pour renouveler chaque spectacle. A toi de jouer : lequel de ces Improximatifs &hellip; Continue reading &quot;Les joueurs&quot;\" \/>\n<meta property=\"og:url\" content=\"https:\/\/lescigalesdugresas.fr\/index.php\/improximatifs\/les-joueurs\/\" \/>\n<meta property=\"og:site_name\" content=\"Les Cigales du Gresas\" \/>\n<meta property=\"article:publisher\" content=\"https:\/\/www.facebook.com\/people\/Les-Improximatifs\/100089205934147\/?_rdr\" \/>\n<meta property=\"article:modified_time\" content=\"2024-12-01T16:47:33+00:00\" \/>\n<meta property=\"og:image\" content=\"https:\/\/lescigalesdugresas.fr\/wp-content\/uploads\/2024\/11\/Design-sans-titre.png\" \/>\n\t<meta property=\"og:image:width\" content=\"1080\" \/>\n\t<meta property=\"og:image:height\" content=\"1080\" \/>\n\t<meta property=\"og:image:type\" content=\"image\/png\" \/>\n<meta name=\"twitter:card\" content=\"summary_large_image\" \/>\n<script type=\"application\/ld+json\" class=\"yoast-schema-graph\">{\"@context\":\"https:\\\/\\\/schema.org\",\"@graph\":[{\"@type\":\"WebPage\",\"@id\":\"https:\\\/\\\/lescigalesdugresas.fr\\\/index.php\\\/improximatifs\\\/les-joueurs\\\/\",\"url\":\"https:\\\/\\\/lescigalesdugresas.fr\\\/index.php\\\/improximatifs\\\/les-joueurs\\\/\",\"name\":\"Les joueurs - Les Cigales du Gresas\",\"isPartOf\":{\"@id\":\"https:\\\/\\\/lescigalesdugresas.fr\\\/#website\"},\"primaryImageOfPage\":{\"@id\":\"https:\\\/\\\/lescigalesdugresas.fr\\\/index.php\\\/improximatifs\\\/les-joueurs\\\/#primaryimage\"},\"image\":{\"@id\":\"https:\\\/\\\/lescigalesdugresas.fr\\\/index.php\\\/improximatifs\\\/les-joueurs\\\/#primaryimage\"},\"thumbnailUrl\":\"https:\\\/\\\/lescigalesdugresas.fr\\\/wp-content\\\/uploads\\\/2024\\\/11\\\/Design-sans-titre.png\",\"datePublished\":\"2024-11-05T19:08:28+00:00\",\"dateModified\":\"2024-12-01T16:47:33+00:00\",\"breadcrumb\":{\"@id\":\"https:\\\/\\\/lescigalesdugresas.fr\\\/index.php\\\/improximatifs\\\/les-joueurs\\\/#breadcrumb\"},\"inLanguage\":\"en-US\",\"potentialAction\":[{\"@type\":\"ReadAction\",\"target\":[\"https:\\\/\\\/lescigalesdugresas.fr\\\/index.php\\\/improximatifs\\\/les-joueurs\\\/\"]}]},{\"@type\":\"ImageObject\",\"inLanguage\":\"en-US\",\"@id\":\"https:\\\/\\\/lescigalesdugresas.fr\\\/index.php\\\/improximatifs\\\/les-joueurs\\\/#primaryimage\",\"url\":\"https:\\\/\\\/lescigalesdugresas.fr\\\/wp-content\\\/uploads\\\/2024\\\/11\\\/Design-sans-titre.png\",\"contentUrl\":\"https:\\\/\\\/lescigalesdugresas.fr\\\/wp-content\\\/uploads\\\/2024\\\/11\\\/Design-sans-titre.png\",\"width\":1080,\"height\":1080},{\"@type\":\"BreadcrumbList\",\"@id\":\"https:\\\/\\\/lescigalesdugresas.fr\\\/index.php\\\/improximatifs\\\/les-joueurs\\\/#breadcrumb\",\"itemListElement\":[{\"@type\":\"ListItem\",\"position\":1,\"name\":\"Accueil\",\"item\":\"https:\\\/\\\/lescigalesdugresas.fr\\\/\"},{\"@type\":\"ListItem\",\"position\":2,\"name\":\"Les Improximatifs\",\"item\":\"https:\\\/\\\/lescigalesdugresas.fr\\\/index.php\\\/improximatifs\\\/\"},{\"@type\":\"ListItem\",\"position\":3,\"name\":\"Les joueurs\"}]},{\"@type\":\"WebSite\",\"@id\":\"https:\\\/\\\/lescigalesdugresas.fr\\\/#website\",\"url\":\"https:\\\/\\\/lescigalesdugresas.fr\\\/\",\"name\":\"Les Cigales du Gresas - Les Improximatifs\",\"description\":\"Association th\u00e9atre et impro dans le Gard et l&#039;H\u00e9rault\",\"publisher\":{\"@id\":\"https:\\\/\\\/lescigalesdugresas.fr\\\/#organization\"},\"alternateName\":\"Troupe de th\u00e9\u00e2tre et d'improvisation th\u00e9\u00e2trale\",\"potentialAction\":[{\"@type\":\"SearchAction\",\"target\":{\"@type\":\"EntryPoint\",\"urlTemplate\":\"https:\\\/\\\/lescigalesdugresas.fr\\\/?s={search_term_string}\"},\"query-input\":{\"@type\":\"PropertyValueSpecification\",\"valueRequired\":true,\"valueName\":\"search_term_string\"}}],\"inLanguage\":\"en-US\"},{\"@type\":\"Organization\",\"@id\":\"https:\\\/\\\/lescigalesdugresas.fr\\\/#organization\",\"name\":\"Les Cigales du Gresas - Les Improximatifs\",\"url\":\"https:\\\/\\\/lescigalesdugresas.fr\\\/\",\"logo\":{\"@type\":\"ImageObject\",\"inLanguage\":\"en-US\",\"@id\":\"https:\\\/\\\/lescigalesdugresas.fr\\\/#\\\/schema\\\/logo\\\/image\\\/\",\"url\":\"http:\\\/\\\/lescigalesdugresas.fr\\\/wp-content\\\/uploads\\\/2024\\\/12\\\/les_cigales_696.png\",\"contentUrl\":\"http:\\\/\\\/lescigalesdugresas.fr\\\/wp-content\\\/uploads\\\/2024\\\/12\\\/les_cigales_696.png\",\"width\":696,\"height\":696,\"caption\":\"Les Cigales du Gresas - Les Improximatifs\"},\"image\":{\"@id\":\"https:\\\/\\\/lescigalesdugresas.fr\\\/#\\\/schema\\\/logo\\\/image\\\/\"},\"sameAs\":[\"https:\\\/\\\/www.facebook.com\\\/people\\\/Les-Improximatifs\\\/100089205934147\\\/?_rdr\",\"https:\\\/\\\/www.instagram.com\\\/les_improximatifs\\\/\",\"https:\\\/\\\/www.facebook.com\\\/cigales.dugresas\\\/?locale=fr_FR\"]}]}<\/script>\n<!-- \/ Yoast SEO plugin. -->","yoast_head_json":{"title":"Les joueurs - Les Cigales du Gresas","robots":{"index":"index","follow":"follow","max-snippet":"max-snippet:-1","max-image-preview":"max-image-preview:large","max-video-preview":"max-video-preview:-1"},"canonical":"https:\/\/lescigalesdugresas.fr\/index.php\/improximatifs\/les-joueurs\/","og_locale":"en_US","og_type":"article","og_title":"Les joueurs - Les Cigales du Gresas","og_description":"6 femmes + 6 hommes = 12 passionn\u00e9s d&#8217;impro qui se relaient sur sc\u00e8ne et en coulisses pour renouveler chaque spectacle. A toi de jouer : lequel de ces Improximatifs &hellip; Continue reading \"Les joueurs\"","og_url":"https:\/\/lescigalesdugresas.fr\/index.php\/improximatifs\/les-joueurs\/","og_site_name":"Les Cigales du Gresas","article_publisher":"https:\/\/www.facebook.com\/people\/Les-Improximatifs\/100089205934147\/?_rdr","article_modified_time":"2024-12-01T16:47:33+00:00","og_image":[{"width":1080,"height":1080,"url":"https:\/\/lescigalesdugresas.fr\/wp-content\/uploads\/2024\/11\/Design-sans-titre.png","type":"image\/png"}],"twitter_card":"summary_large_image","schema":{"@context":"https:\/\/schema.org","@graph":[{"@type":"WebPage","@id":"https:\/\/lescigalesdugresas.fr\/index.php\/improximatifs\/les-joueurs\/","url":"https:\/\/lescigalesdugresas.fr\/index.php\/improximatifs\/les-joueurs\/","name":"Les joueurs - Les Cigales du Gresas","isPartOf":{"@id":"https:\/\/lescigalesdugresas.fr\/#website"},"primaryImageOfPage":{"@id":"https:\/\/lescigalesdugresas.fr\/index.php\/improximatifs\/les-joueurs\/#primaryimage"},"image":{"@id":"https:\/\/lescigalesdugresas.fr\/index.php\/improximatifs\/les-joueurs\/#primaryimage"},"thumbnailUrl":"https:\/\/lescigalesdugresas.fr\/wp-content\/uploads\/2024\/11\/Design-sans-titre.png","datePublished":"2024-11-05T19:08:28+00:00","dateModified":"2024-12-01T16:47:33+00:00","breadcrumb":{"@id":"https:\/\/lescigalesdugresas.fr\/index.php\/improximatifs\/les-joueurs\/#breadcrumb"},"inLanguage":"en-US","potentialAction":[{"@type":"ReadAction","target":["https:\/\/lescigalesdugresas.fr\/index.php\/improximatifs\/les-joueurs\/"]}]},{"@type":"ImageObject","inLanguage":"en-US","@id":"https:\/\/lescigalesdugresas.fr\/index.php\/improximatifs\/les-joueurs\/#primaryimage","url":"https:\/\/lescigalesdugresas.fr\/wp-content\/uploads\/2024\/11\/Design-sans-titre.png","contentUrl":"https:\/\/lescigalesdugresas.fr\/wp-content\/uploads\/2024\/11\/Design-sans-titre.png","width":1080,"height":1080},{"@type":"BreadcrumbList","@id":"https:\/\/lescigalesdugresas.fr\/index.php\/improximatifs\/les-joueurs\/#breadcrumb","itemListElement":[{"@type":"ListItem","position":1,"name":"Accueil","item":"https:\/\/lescigalesdugresas.fr\/"},{"@type":"ListItem","position":2,"name":"Les Improximatifs","item":"https:\/\/lescigalesdugresas.fr\/index.php\/improximatifs\/"},{"@type":"ListItem","position":3,"name":"Les joueurs"}]},{"@type":"WebSite","@id":"https:\/\/lescigalesdugresas.fr\/#website","url":"https:\/\/lescigalesdugresas.fr\/","name":"Les Cigales du Gresas - Les Improximatifs","description":"Association th\u00e9atre et impro dans le Gard et l&#039;H\u00e9rault","publisher":{"@id":"https:\/\/lescigalesdugresas.fr\/#organization"},"alternateName":"Troupe de th\u00e9\u00e2tre et d'improvisation th\u00e9\u00e2trale","potentialAction":[{"@type":"SearchAction","target":{"@type":"EntryPoint","urlTemplate":"https:\/\/lescigalesdugresas.fr\/?s={search_term_string}"},"query-input":{"@type":"PropertyValueSpecification","valueRequired":true,"valueName":"search_term_string"}}],"inLanguage":"en-US"},{"@type":"Organization","@id":"https:\/\/lescigalesdugresas.fr\/#organization","name":"Les Cigales du Gresas - Les Improximatifs","url":"https:\/\/lescigalesdugresas.fr\/","logo":{"@type":"ImageObject","inLanguage":"en-US","@id":"https:\/\/lescigalesdugresas.fr\/#\/schema\/logo\/image\/","url":"http:\/\/lescigalesdugresas.fr\/wp-content\/uploads\/2024\/12\/les_cigales_696.png","contentUrl":"http:\/\/lescigalesdugresas.fr\/wp-content\/uploads\/2024\/12\/les_cigales_696.png","width":696,"height":696,"caption":"Les Cigales du Gresas - Les Improximatifs"},"image":{"@id":"https:\/\/lescigalesdugresas.fr\/#\/schema\/logo\/image\/"},"sameAs":["https:\/\/www.facebook.com\/people\/Les-Improximatifs\/100089205934147\/?_rdr","https:\/\/www.instagram.com\/les_improximatifs\/","https:\/\/www.facebook.com\/cigales.dugresas\/?locale=fr_FR"]}]}},"_links":{"self":[{"href":"https:\/\/lescigalesdugresas.fr\/index.php\/wp-json\/wp\/v2\/pages\/20","targetHints":{"allow":["GET"]}}],"collection":[{"href":"https:\/\/lescigalesdugresas.fr\/index.php\/wp-json\/wp\/v2\/pages"}],"about":[{"href":"https:\/\/lescigalesdugresas.fr\/index.php\/wp-json\/wp\/v2\/types\/page"}],"author":[{"embeddable":true,"href":"https:\/\/lescigalesdugresas.fr\/index.php\/wp-json\/wp\/v2\/users\/1"}],"replies":[{"embeddable":true,"href":"https:\/\/lescigalesdugresas.fr\/index.php\/wp-json\/wp\/v2\/comments?post=20"}],"version-history":[{"count":22,"href":"https:\/\/lescigalesdugresas.fr\/index.php\/wp-json\/wp\/v2\/pages\/20\/revisions"}],"predecessor-version":[{"id":153,"href":"https:\/\/lescigalesdugresas.fr\/index.php\/wp-json\/wp\/v2\/pages\/20\/revisions\/153"}],"up":[{"embeddable":true,"href":"https:\/\/lescigalesdugresas.fr\/index.php\/wp-json\/wp\/v2\/pages\/7"}],"wp:featuredmedia":[{"embeddable":true,"href":"https:\/\/lescigalesdugresas.fr\/index.php\/wp-json\/wp\/v2\/media\/105"}],"wp:attachment":[{"href":"https:\/\/lescigalesdugresas.fr\/index.php\/wp-json\/wp\/v2\/media?parent=20"}],"curies":[{"name":"wp","href":"https:\/\/api.w.org\/{rel}","templated":true}]}}