{"id":27,"date":"2024-11-05T20:05:51","date_gmt":"2024-11-05T19:05:51","guid":{"rendered":"https:\/\/lescigalesdugresas.fr\/?page_id=27"},"modified":"2024-12-22T20:37:29","modified_gmt":"2024-12-22T19:37:29","slug":"vie-de-lassociation","status":"publish","type":"page","link":"https:\/\/lescigalesdugresas.fr\/index.php\/vie-de-lassociation\/","title":{"rendered":"Vie de l&#8217;association"},"content":{"rendered":"<ul class=\"wp-block-latest-posts__list has-dates wp-block-latest-posts\"><li><div class=\"wp-block-latest-posts__featured-image aligncenter\"><a href=\"https:\/\/lescigalesdugresas.fr\/index.php\/2024\/12\/21\/joyeuses-fetes-a-tous\/\" aria-label=\"Joyeuses f\u00eates \u00e0 tous\"><img loading=\"lazy\" decoding=\"async\" width=\"525\" height=\"525\" src=\"https:\/\/lescigalesdugresas.fr\/wp-content\/uploads\/2024\/12\/impro-noel-24-1024x1024.jpg\" class=\"attachment-large size-large wp-post-image\" alt=\"Bonnes f\u00eates \u00e0 vous de la part des improximatifs\" style=\"\" srcset=\"https:\/\/lescigalesdugresas.fr\/wp-content\/uploads\/2024\/12\/impro-noel-24-1024x1024.jpg 1024w, https:\/\/lescigalesdugresas.fr\/wp-content\/uploads\/2024\/12\/impro-noel-24-300x300.jpg 300w, https:\/\/lescigalesdugresas.fr\/wp-content\/uploads\/2024\/12\/impro-noel-24-150x150.jpg 150w, https:\/\/lescigalesdugresas.fr\/wp-content\/uploads\/2024\/12\/impro-noel-24-768x768.jpg 768w, https:\/\/lescigalesdugresas.fr\/wp-content\/uploads\/2024\/12\/impro-noel-24-1536x1536.jpg 1536w, https:\/\/lescigalesdugresas.fr\/wp-content\/uploads\/2024\/12\/impro-noel-24-100x100.jpg 100w, https:\/\/lescigalesdugresas.fr\/wp-content\/uploads\/2024\/12\/impro-noel-24.jpg 1600w\" sizes=\"auto, 100vw\" \/><\/a><\/div><a class=\"wp-block-latest-posts__post-title\" href=\"https:\/\/lescigalesdugresas.fr\/index.php\/2024\/12\/21\/joyeuses-fetes-a-tous\/\">Joyeuses f\u00eates \u00e0 tous<\/a><time datetime=\"2024-12-21T11:16:58+01:00\" class=\"wp-block-latest-posts__post-date\">21 December 2024<\/time><div class=\"wp-block-latest-posts__post-full-content\"><!-- wp:paragraph -->\n<p>La troupe des improximatifs vous souhaite de tr\u00e8s bonnes f\u00eates de fin d&#8217;ann\u00e9e 2024 \u00e0 tous. Plein <mark class=\"has-inline-color has-pale-pink-color\"><strong>d&#8217;amour<\/strong><\/mark> , de <mark class=\"has-inline-color has-luminous-vivid-orange-color\"><strong>joie<\/strong><\/mark> et de <mark class=\"has-inline-color has-luminous-vivid-amber-color\"><strong>lumi\u00e8re<\/strong><\/mark> pour vous et vos proches !<\/p>\n<!-- \/wp:paragraph -->\n\n<!-- wp:paragraph -->\n<p><\/p>\n<!-- \/wp:paragraph --><\/div><\/li>\n<\/ul>","protected":false},"excerpt":{"rendered":"","protected":false},"author":1,"featured_media":0,"parent":0,"menu_order":4,"comment_status":"closed","ping_status":"closed","template":"","meta":{"footnotes":""},"class_list":["post-27","page","type-page","status-publish","hentry"],"yoast_head":"<!-- This site is optimized with the Yoast SEO plugin v27.3 - https:\/\/yoast.com\/product\/yoast-seo-wordpress\/ -->\n<title>Vie de l&#039;association - Les Cigales du Gresas<\/title>\n<meta name=\"robots\" content=\"index, follow, max-snippet:-1, max-image-preview:large, max-video-preview:-1\" \/>\n<link rel=\"canonical\" href=\"https:\/\/lescigalesdugresas.fr\/index.php\/vie-de-lassociation\/\" \/>\n<meta property=\"og:locale\" content=\"en_US\" \/>\n<meta property=\"og:type\" content=\"article\" \/>\n<meta property=\"og:title\" content=\"Vie de l&#039;association - Les Cigales du Gresas\" \/>\n<meta property=\"og:url\" content=\"https:\/\/lescigalesdugresas.fr\/index.php\/vie-de-lassociation\/\" \/>\n<meta property=\"og:site_name\" content=\"Les Cigales du Gresas\" \/>\n<meta property=\"article:publisher\" content=\"https:\/\/www.facebook.com\/people\/Les-Improximatifs\/100089205934147\/?_rdr\" \/>\n<meta property=\"article:modified_time\" content=\"2024-12-22T19:37:29+00:00\" \/>\n<meta property=\"og:image\" content=\"https:\/\/lescigalesdugresas.fr\/wp-content\/uploads\/2024\/12\/cigales_impro_theatre.jpg\" \/>\n\t<meta property=\"og:image:width\" content=\"1200\" \/>\n\t<meta property=\"og:image:height\" content=\"675\" \/>\n\t<meta property=\"og:image:type\" content=\"image\/jpeg\" \/>\n<meta name=\"twitter:card\" content=\"summary_large_image\" \/>\n<script type=\"application\/ld+json\" class=\"yoast-schema-graph\">{\"@context\":\"https:\\\/\\\/schema.org\",\"@graph\":[{\"@type\":\"WebPage\",\"@id\":\"https:\\\/\\\/lescigalesdugresas.fr\\\/index.php\\\/vie-de-lassociation\\\/\",\"url\":\"https:\\\/\\\/lescigalesdugresas.fr\\\/index.php\\\/vie-de-lassociation\\\/\",\"name\":\"Vie de l'association - Les Cigales du Gresas\",\"isPartOf\":{\"@id\":\"https:\\\/\\\/lescigalesdugresas.fr\\\/#website\"},\"datePublished\":\"2024-11-05T19:05:51+00:00\",\"dateModified\":\"2024-12-22T19:37:29+00:00\",\"breadcrumb\":{\"@id\":\"https:\\\/\\\/lescigalesdugresas.fr\\\/index.php\\\/vie-de-lassociation\\\/#breadcrumb\"},\"inLanguage\":\"en-US\",\"potentialAction\":[{\"@type\":\"ReadAction\",\"target\":[\"https:\\\/\\\/lescigalesdugresas.fr\\\/index.php\\\/vie-de-lassociation\\\/\"]}]},{\"@type\":\"BreadcrumbList\",\"@id\":\"https:\\\/\\\/lescigalesdugresas.fr\\\/index.php\\\/vie-de-lassociation\\\/#breadcrumb\",\"itemListElement\":[{\"@type\":\"ListItem\",\"position\":1,\"name\":\"Accueil\",\"item\":\"https:\\\/\\\/lescigalesdugresas.fr\\\/\"},{\"@type\":\"ListItem\",\"position\":2,\"name\":\"Vie de l&rsquo;association\"}]},{\"@type\":\"WebSite\",\"@id\":\"https:\\\/\\\/lescigalesdugresas.fr\\\/#website\",\"url\":\"https:\\\/\\\/lescigalesdugresas.fr\\\/\",\"name\":\"Les Cigales du Gresas - Les Improximatifs\",\"description\":\"Association th\u00e9atre et impro dans le Gard et l&#039;H\u00e9rault\",\"publisher\":{\"@id\":\"https:\\\/\\\/lescigalesdugresas.fr\\\/#organization\"},\"alternateName\":\"Troupe de th\u00e9\u00e2tre et d'improvisation th\u00e9\u00e2trale\",\"potentialAction\":[{\"@type\":\"SearchAction\",\"target\":{\"@type\":\"EntryPoint\",\"urlTemplate\":\"https:\\\/\\\/lescigalesdugresas.fr\\\/?s={search_term_string}\"},\"query-input\":{\"@type\":\"PropertyValueSpecification\",\"valueRequired\":true,\"valueName\":\"search_term_string\"}}],\"inLanguage\":\"en-US\"},{\"@type\":\"Organization\",\"@id\":\"https:\\\/\\\/lescigalesdugresas.fr\\\/#organization\",\"name\":\"Les Cigales du Gresas - Les Improximatifs\",\"url\":\"https:\\\/\\\/lescigalesdugresas.fr\\\/\",\"logo\":{\"@type\":\"ImageObject\",\"inLanguage\":\"en-US\",\"@id\":\"https:\\\/\\\/lescigalesdugresas.fr\\\/#\\\/schema\\\/logo\\\/image\\\/\",\"url\":\"http:\\\/\\\/lescigalesdugresas.fr\\\/wp-content\\\/uploads\\\/2024\\\/12\\\/les_cigales_696.png\",\"contentUrl\":\"http:\\\/\\\/lescigalesdugresas.fr\\\/wp-content\\\/uploads\\\/2024\\\/12\\\/les_cigales_696.png\",\"width\":696,\"height\":696,\"caption\":\"Les Cigales du Gresas - Les Improximatifs\"},\"image\":{\"@id\":\"https:\\\/\\\/lescigalesdugresas.fr\\\/#\\\/schema\\\/logo\\\/image\\\/\"},\"sameAs\":[\"https:\\\/\\\/www.facebook.com\\\/people\\\/Les-Improximatifs\\\/100089205934147\\\/?_rdr\",\"https:\\\/\\\/www.instagram.com\\\/les_improximatifs\\\/\",\"https:\\\/\\\/www.facebook.com\\\/cigales.dugresas\\\/?locale=fr_FR\"]}]}<\/script>\n<!-- \/ Yoast SEO plugin. -->","yoast_head_json":{"title":"Vie de l'association - Les Cigales du Gresas","robots":{"index":"index","follow":"follow","max-snippet":"max-snippet:-1","max-image-preview":"max-image-preview:large","max-video-preview":"max-video-preview:-1"},"canonical":"https:\/\/lescigalesdugresas.fr\/index.php\/vie-de-lassociation\/","og_locale":"en_US","og_type":"article","og_title":"Vie de l'association - Les Cigales du Gresas","og_url":"https:\/\/lescigalesdugresas.fr\/index.php\/vie-de-lassociation\/","og_site_name":"Les Cigales du Gresas","article_publisher":"https:\/\/www.facebook.com\/people\/Les-Improximatifs\/100089205934147\/?_rdr","article_modified_time":"2024-12-22T19:37:29+00:00","og_image":[{"width":1200,"height":675,"url":"https:\/\/lescigalesdugresas.fr\/wp-content\/uploads\/2024\/12\/cigales_impro_theatre.jpg","type":"image\/jpeg"}],"twitter_card":"summary_large_image","schema":{"@context":"https:\/\/schema.org","@graph":[{"@type":"WebPage","@id":"https:\/\/lescigalesdugresas.fr\/index.php\/vie-de-lassociation\/","url":"https:\/\/lescigalesdugresas.fr\/index.php\/vie-de-lassociation\/","name":"Vie de l'association - Les Cigales du Gresas","isPartOf":{"@id":"https:\/\/lescigalesdugresas.fr\/#website"},"datePublished":"2024-11-05T19:05:51+00:00","dateModified":"2024-12-22T19:37:29+00:00","breadcrumb":{"@id":"https:\/\/lescigalesdugresas.fr\/index.php\/vie-de-lassociation\/#breadcrumb"},"inLanguage":"en-US","potentialAction":[{"@type":"ReadAction","target":["https:\/\/lescigalesdugresas.fr\/index.php\/vie-de-lassociation\/"]}]},{"@type":"BreadcrumbList","@id":"https:\/\/lescigalesdugresas.fr\/index.php\/vie-de-lassociation\/#breadcrumb","itemListElement":[{"@type":"ListItem","position":1,"name":"Accueil","item":"https:\/\/lescigalesdugresas.fr\/"},{"@type":"ListItem","position":2,"name":"Vie de l&rsquo;association"}]},{"@type":"WebSite","@id":"https:\/\/lescigalesdugresas.fr\/#website","url":"https:\/\/lescigalesdugresas.fr\/","name":"Les Cigales du Gresas - Les Improximatifs","description":"Association th\u00e9atre et impro dans le Gard et l&#039;H\u00e9rault","publisher":{"@id":"https:\/\/lescigalesdugresas.fr\/#organization"},"alternateName":"Troupe de th\u00e9\u00e2tre et d'improvisation th\u00e9\u00e2trale","potentialAction":[{"@type":"SearchAction","target":{"@type":"EntryPoint","urlTemplate":"https:\/\/lescigalesdugresas.fr\/?s={search_term_string}"},"query-input":{"@type":"PropertyValueSpecification","valueRequired":true,"valueName":"search_term_string"}}],"inLanguage":"en-US"},{"@type":"Organization","@id":"https:\/\/lescigalesdugresas.fr\/#organization","name":"Les Cigales du Gresas - Les Improximatifs","url":"https:\/\/lescigalesdugresas.fr\/","logo":{"@type":"ImageObject","inLanguage":"en-US","@id":"https:\/\/lescigalesdugresas.fr\/#\/schema\/logo\/image\/","url":"http:\/\/lescigalesdugresas.fr\/wp-content\/uploads\/2024\/12\/les_cigales_696.png","contentUrl":"http:\/\/lescigalesdugresas.fr\/wp-content\/uploads\/2024\/12\/les_cigales_696.png","width":696,"height":696,"caption":"Les Cigales du Gresas - Les Improximatifs"},"image":{"@id":"https:\/\/lescigalesdugresas.fr\/#\/schema\/logo\/image\/"},"sameAs":["https:\/\/www.facebook.com\/people\/Les-Improximatifs\/100089205934147\/?_rdr","https:\/\/www.instagram.com\/les_improximatifs\/","https:\/\/www.facebook.com\/cigales.dugresas\/?locale=fr_FR"]}]}},"_links":{"self":[{"href":"https:\/\/lescigalesdugresas.fr\/index.php\/wp-json\/wp\/v2\/pages\/27","targetHints":{"allow":["GET"]}}],"collection":[{"href":"https:\/\/lescigalesdugresas.fr\/index.php\/wp-json\/wp\/v2\/pages"}],"about":[{"href":"https:\/\/lescigalesdugresas.fr\/index.php\/wp-json\/wp\/v2\/types\/page"}],"author":[{"embeddable":true,"href":"https:\/\/lescigalesdugresas.fr\/index.php\/wp-json\/wp\/v2\/users\/1"}],"replies":[{"embeddable":true,"href":"https:\/\/lescigalesdugresas.fr\/index.php\/wp-json\/wp\/v2\/comments?post=27"}],"version-history":[{"count":4,"href":"https:\/\/lescigalesdugresas.fr\/index.php\/wp-json\/wp\/v2\/pages\/27\/revisions"}],"predecessor-version":[{"id":368,"href":"https:\/\/lescigalesdugresas.fr\/index.php\/wp-json\/wp\/v2\/pages\/27\/revisions\/368"}],"wp:attachment":[{"href":"https:\/\/lescigalesdugresas.fr\/index.php\/wp-json\/wp\/v2\/media?parent=27"}],"curies":[{"name":"wp","href":"https:\/\/api.w.org\/{rel}","templated":true}]}}