{"id":57,"date":"2024-11-11T10:58:19","date_gmt":"2024-11-11T09:58:19","guid":{"rendered":"https:\/\/lescigalesdugresas.fr\/?page_id=57"},"modified":"2024-12-22T21:31:48","modified_gmt":"2024-12-22T20:31:48","slug":"accueil","status":"publish","type":"page","link":"https:\/\/lescigalesdugresas.fr\/","title":{"rendered":"Troupe de th\u00e9\u00e2tre et troupe d&#8217;improvisation th\u00e9\u00e2trale"},"content":{"rendered":"\n<script data-js='tribe-events-view-nonce-data' type='application\/json'>{\"tvn1\":\"7ab9c32651\",\"tvn2\":\"\"}<\/script>\n\n\n\n<div class=\"wp-block-group is-layout-grid wp-container-core-group-is-layout-baef362d wp-block-group-is-layout-grid\">\n<h2 class=\"wp-block-heading\">Les Improximatifs<\/h2>\n\n\n\n<h2 class=\"wp-block-heading no-padding-top\">A la Folie<\/h2>\n\n\n\n<p><em><strong>La troupe d&#8217;impro<\/strong><\/em><br><em>des Cigales du Gresas<\/em><\/p>\n\n\n\n<p class=\"wp-container-content-5e2576f9\"><em><strong>La pi\u00e8ce<\/strong><\/em><br><em>actuellement en tourn\u00e9e<\/em><\/p>\n\n\n\n<ul class=\"wp-block-list\">\n<li><a href=\"https:\/\/lescigalesdugresas.fr\/index.php\/events\/categorie\/representation\/impro\/\">Prochains spectacles<\/a><\/li>\n\n\n\n<li><a href=\"https:\/\/lescigalesdugresas.fr\/index.php\/improximatifs\/les-plateaux\/\" data-type=\"page\" data-id=\"9\">Plateaux<\/a> et matchs d&#8217;impro<\/li>\n\n\n\n<li><a href=\"https:\/\/lescigalesdugresas.fr\/index.php\/improximatifs\/les-joueurs\/\" data-type=\"page\" data-id=\"20\">Les joueurs<\/a><\/li>\n\n\n\n<li>Fiche technique<\/li>\n<\/ul>\n\n\n\n<ul class=\"wp-block-list\">\n<li><a href=\"https:\/\/lescigalesdugresas.fr\/index.php\/events\/categorie\/representation\/theatre\/a-la-folie\/\">Prochains repr\u00e9sentations<\/a><\/li>\n\n\n\n<li><a href=\"https:\/\/lescigalesdugresas.fr\/index.php\/a-la-folie\/\" data-type=\"page\" data-id=\"25\">Pr\u00e9sentation<\/a><\/li>\n\n\n\n<li>Les acteurs<\/li>\n\n\n\n<li>Fiche technique<\/li>\n<\/ul>\n<\/div>\n","protected":false},"excerpt":{"rendered":"<p>Les Improximatifs A la Folie La troupe d&#8217;improdes Cigales du Gresas La pi\u00e8ceactuellement en tourn\u00e9e<\/p>\n","protected":false},"author":1,"featured_media":0,"parent":0,"menu_order":0,"comment_status":"closed","ping_status":"closed","template":"","meta":{"footnotes":""},"class_list":["post-57","page","type-page","status-publish","hentry"],"yoast_head":"<!-- This site is optimized with the Yoast SEO plugin v27.3 - https:\/\/yoast.com\/product\/yoast-seo-wordpress\/ -->\n<title>Troupe de th\u00e9\u00e2tre et troupe d&#039;improvisation th\u00e9\u00e2trale - Les Cigales du Gresas<\/title>\n<meta name=\"robots\" content=\"index, follow, max-snippet:-1, max-image-preview:large, max-video-preview:-1\" \/>\n<link rel=\"canonical\" href=\"https:\/\/lescigalesdugresas.fr\/\" \/>\n<meta property=\"og:locale\" content=\"en_US\" \/>\n<meta property=\"og:type\" content=\"article\" \/>\n<meta property=\"og:title\" content=\"Troupe de th\u00e9\u00e2tre et troupe d&#039;improvisation th\u00e9\u00e2trale - Les Cigales du Gresas\" \/>\n<meta property=\"og:description\" content=\"Les Improximatifs A la Folie La troupe d&#8217;improdes Cigales du Gresas La pi\u00e8ceactuellement en tourn\u00e9e\" \/>\n<meta property=\"og:url\" content=\"https:\/\/lescigalesdugresas.fr\/\" \/>\n<meta property=\"og:site_name\" content=\"Les Cigales du Gresas\" \/>\n<meta property=\"article:publisher\" content=\"https:\/\/www.facebook.com\/people\/Les-Improximatifs\/100089205934147\/?_rdr\" \/>\n<meta property=\"article:modified_time\" content=\"2024-12-22T20:31:48+00:00\" \/>\n<meta property=\"og:image\" content=\"https:\/\/lescigalesdugresas.fr\/wp-content\/uploads\/2024\/12\/cigales_impro_theatre.jpg\" \/>\n\t<meta property=\"og:image:width\" content=\"1200\" \/>\n\t<meta property=\"og:image:height\" content=\"675\" \/>\n\t<meta property=\"og:image:type\" content=\"image\/jpeg\" \/>\n<meta name=\"twitter:card\" content=\"summary_large_image\" \/>\n<meta name=\"twitter:label1\" content=\"Est. reading time\" \/>\n\t<meta name=\"twitter:data1\" content=\"1 minute\" \/>\n<script type=\"application\/ld+json\" class=\"yoast-schema-graph\">{\"@context\":\"https:\\\/\\\/schema.org\",\"@graph\":[{\"@type\":\"WebPage\",\"@id\":\"https:\\\/\\\/lescigalesdugresas.fr\\\/\",\"url\":\"https:\\\/\\\/lescigalesdugresas.fr\\\/\",\"name\":\"Troupe de th\u00e9\u00e2tre et troupe d'improvisation th\u00e9\u00e2trale - Les Cigales du Gresas\",\"isPartOf\":{\"@id\":\"https:\\\/\\\/lescigalesdugresas.fr\\\/#website\"},\"datePublished\":\"2024-11-11T09:58:19+00:00\",\"dateModified\":\"2024-12-22T20:31:48+00:00\",\"breadcrumb\":{\"@id\":\"https:\\\/\\\/lescigalesdugresas.fr\\\/#breadcrumb\"},\"inLanguage\":\"en-US\",\"potentialAction\":[{\"@type\":\"ReadAction\",\"target\":[\"https:\\\/\\\/lescigalesdugresas.fr\\\/\"]}]},{\"@type\":\"BreadcrumbList\",\"@id\":\"https:\\\/\\\/lescigalesdugresas.fr\\\/#breadcrumb\",\"itemListElement\":[{\"@type\":\"ListItem\",\"position\":1,\"name\":\"Accueil\",\"item\":\"https:\\\/\\\/lescigalesdugresas.fr\\\/\"},{\"@type\":\"ListItem\",\"position\":2,\"name\":\"Troupe de th\u00e9\u00e2tre et troupe d&rsquo;improvisation th\u00e9\u00e2trale\"}]},{\"@type\":\"WebSite\",\"@id\":\"https:\\\/\\\/lescigalesdugresas.fr\\\/#website\",\"url\":\"https:\\\/\\\/lescigalesdugresas.fr\\\/\",\"name\":\"Les Cigales du Gresas - Les Improximatifs\",\"description\":\"Association th\u00e9atre et impro dans le Gard et l&#039;H\u00e9rault\",\"publisher\":{\"@id\":\"https:\\\/\\\/lescigalesdugresas.fr\\\/#organization\"},\"alternateName\":\"Troupe de th\u00e9\u00e2tre et d'improvisation th\u00e9\u00e2trale\",\"potentialAction\":[{\"@type\":\"SearchAction\",\"target\":{\"@type\":\"EntryPoint\",\"urlTemplate\":\"https:\\\/\\\/lescigalesdugresas.fr\\\/?s={search_term_string}\"},\"query-input\":{\"@type\":\"PropertyValueSpecification\",\"valueRequired\":true,\"valueName\":\"search_term_string\"}}],\"inLanguage\":\"en-US\"},{\"@type\":\"Organization\",\"@id\":\"https:\\\/\\\/lescigalesdugresas.fr\\\/#organization\",\"name\":\"Les Cigales du Gresas - Les Improximatifs\",\"url\":\"https:\\\/\\\/lescigalesdugresas.fr\\\/\",\"logo\":{\"@type\":\"ImageObject\",\"inLanguage\":\"en-US\",\"@id\":\"https:\\\/\\\/lescigalesdugresas.fr\\\/#\\\/schema\\\/logo\\\/image\\\/\",\"url\":\"http:\\\/\\\/lescigalesdugresas.fr\\\/wp-content\\\/uploads\\\/2024\\\/12\\\/les_cigales_696.png\",\"contentUrl\":\"http:\\\/\\\/lescigalesdugresas.fr\\\/wp-content\\\/uploads\\\/2024\\\/12\\\/les_cigales_696.png\",\"width\":696,\"height\":696,\"caption\":\"Les Cigales du Gresas - Les Improximatifs\"},\"image\":{\"@id\":\"https:\\\/\\\/lescigalesdugresas.fr\\\/#\\\/schema\\\/logo\\\/image\\\/\"},\"sameAs\":[\"https:\\\/\\\/www.facebook.com\\\/people\\\/Les-Improximatifs\\\/100089205934147\\\/?_rdr\",\"https:\\\/\\\/www.instagram.com\\\/les_improximatifs\\\/\",\"https:\\\/\\\/www.facebook.com\\\/cigales.dugresas\\\/?locale=fr_FR\"]}]}<\/script>\n<!-- \/ Yoast SEO plugin. -->","yoast_head_json":{"title":"Troupe de th\u00e9\u00e2tre et troupe d'improvisation th\u00e9\u00e2trale - Les Cigales du Gresas","robots":{"index":"index","follow":"follow","max-snippet":"max-snippet:-1","max-image-preview":"max-image-preview:large","max-video-preview":"max-video-preview:-1"},"canonical":"https:\/\/lescigalesdugresas.fr\/","og_locale":"en_US","og_type":"article","og_title":"Troupe de th\u00e9\u00e2tre et troupe d'improvisation th\u00e9\u00e2trale - Les Cigales du Gresas","og_description":"Les Improximatifs A la Folie La troupe d&#8217;improdes Cigales du Gresas La pi\u00e8ceactuellement en tourn\u00e9e","og_url":"https:\/\/lescigalesdugresas.fr\/","og_site_name":"Les Cigales du Gresas","article_publisher":"https:\/\/www.facebook.com\/people\/Les-Improximatifs\/100089205934147\/?_rdr","article_modified_time":"2024-12-22T20:31:48+00:00","og_image":[{"width":1200,"height":675,"url":"https:\/\/lescigalesdugresas.fr\/wp-content\/uploads\/2024\/12\/cigales_impro_theatre.jpg","type":"image\/jpeg"}],"twitter_card":"summary_large_image","twitter_misc":{"Est. reading time":"1 minute"},"schema":{"@context":"https:\/\/schema.org","@graph":[{"@type":"WebPage","@id":"https:\/\/lescigalesdugresas.fr\/","url":"https:\/\/lescigalesdugresas.fr\/","name":"Troupe de th\u00e9\u00e2tre et troupe d'improvisation th\u00e9\u00e2trale - Les Cigales du Gresas","isPartOf":{"@id":"https:\/\/lescigalesdugresas.fr\/#website"},"datePublished":"2024-11-11T09:58:19+00:00","dateModified":"2024-12-22T20:31:48+00:00","breadcrumb":{"@id":"https:\/\/lescigalesdugresas.fr\/#breadcrumb"},"inLanguage":"en-US","potentialAction":[{"@type":"ReadAction","target":["https:\/\/lescigalesdugresas.fr\/"]}]},{"@type":"BreadcrumbList","@id":"https:\/\/lescigalesdugresas.fr\/#breadcrumb","itemListElement":[{"@type":"ListItem","position":1,"name":"Accueil","item":"https:\/\/lescigalesdugresas.fr\/"},{"@type":"ListItem","position":2,"name":"Troupe de th\u00e9\u00e2tre et troupe d&rsquo;improvisation th\u00e9\u00e2trale"}]},{"@type":"WebSite","@id":"https:\/\/lescigalesdugresas.fr\/#website","url":"https:\/\/lescigalesdugresas.fr\/","name":"Les Cigales du Gresas - Les Improximatifs","description":"Association th\u00e9atre et impro dans le Gard et l&#039;H\u00e9rault","publisher":{"@id":"https:\/\/lescigalesdugresas.fr\/#organization"},"alternateName":"Troupe de th\u00e9\u00e2tre et d'improvisation th\u00e9\u00e2trale","potentialAction":[{"@type":"SearchAction","target":{"@type":"EntryPoint","urlTemplate":"https:\/\/lescigalesdugresas.fr\/?s={search_term_string}"},"query-input":{"@type":"PropertyValueSpecification","valueRequired":true,"valueName":"search_term_string"}}],"inLanguage":"en-US"},{"@type":"Organization","@id":"https:\/\/lescigalesdugresas.fr\/#organization","name":"Les Cigales du Gresas - Les Improximatifs","url":"https:\/\/lescigalesdugresas.fr\/","logo":{"@type":"ImageObject","inLanguage":"en-US","@id":"https:\/\/lescigalesdugresas.fr\/#\/schema\/logo\/image\/","url":"http:\/\/lescigalesdugresas.fr\/wp-content\/uploads\/2024\/12\/les_cigales_696.png","contentUrl":"http:\/\/lescigalesdugresas.fr\/wp-content\/uploads\/2024\/12\/les_cigales_696.png","width":696,"height":696,"caption":"Les Cigales du Gresas - Les Improximatifs"},"image":{"@id":"https:\/\/lescigalesdugresas.fr\/#\/schema\/logo\/image\/"},"sameAs":["https:\/\/www.facebook.com\/people\/Les-Improximatifs\/100089205934147\/?_rdr","https:\/\/www.instagram.com\/les_improximatifs\/","https:\/\/www.facebook.com\/cigales.dugresas\/?locale=fr_FR"]}]}},"_links":{"self":[{"href":"https:\/\/lescigalesdugresas.fr\/index.php\/wp-json\/wp\/v2\/pages\/57","targetHints":{"allow":["GET"]}}],"collection":[{"href":"https:\/\/lescigalesdugresas.fr\/index.php\/wp-json\/wp\/v2\/pages"}],"about":[{"href":"https:\/\/lescigalesdugresas.fr\/index.php\/wp-json\/wp\/v2\/types\/page"}],"author":[{"embeddable":true,"href":"https:\/\/lescigalesdugresas.fr\/index.php\/wp-json\/wp\/v2\/users\/1"}],"replies":[{"embeddable":true,"href":"https:\/\/lescigalesdugresas.fr\/index.php\/wp-json\/wp\/v2\/comments?post=57"}],"version-history":[{"count":21,"href":"https:\/\/lescigalesdugresas.fr\/index.php\/wp-json\/wp\/v2\/pages\/57\/revisions"}],"predecessor-version":[{"id":398,"href":"https:\/\/lescigalesdugresas.fr\/index.php\/wp-json\/wp\/v2\/pages\/57\/revisions\/398"}],"wp:attachment":[{"href":"https:\/\/lescigalesdugresas.fr\/index.php\/wp-json\/wp\/v2\/media?parent=57"}],"curies":[{"name":"wp","href":"https:\/\/api.w.org\/{rel}","templated":true}]}}