{"id":9,"date":"2024-11-05T20:07:40","date_gmt":"2024-11-05T19:07:40","guid":{"rendered":"https:\/\/lescigalesdugresas.fr\/?page_id=9"},"modified":"2024-12-03T22:38:34","modified_gmt":"2024-12-03T21:38:34","slug":"les-plateaux","status":"publish","type":"page","link":"https:\/\/lescigalesdugresas.fr\/index.php\/improximatifs\/les-plateaux\/","title":{"rendered":"Les Plateaux d&#8217;improvisation"},"content":{"rendered":"\n<p>Une seule \u00e9quipe de 6 <a href=\"https:\/\/lescigalesdugresas.fr\/index.php\/improximatifs\/les-joueurs\/\" data-type=\"page\" data-id=\"20\">joueurs<\/a> qui enchaine dans un rythme endiabl\u00e9 les improvisations en deux sets de 45 minutes. Le tout sous la direction d&#8217;un MC ( ma\u00eetre de c\u00e9r\u00e9monie ) fac\u00e9tieux qui va annoncer \u00e0 chaque d\u00e9but d&#8217;impro : <\/p>\n\n\n\n<ul class=\"wp-block-list\"><\/ul>\n\n\n\n<div class=\"wp-block-media-text has-media-on-the-right is-stacked-on-mobile is-vertically-aligned-top\"><div class=\"wp-block-media-text__content\">\n<ul class=\"wp-block-list\">\n<li>le nombre de joueurs attendus<\/li>\n\n\n\n<li>le type ou cat\u00e9gorie d&#8217;impro<\/li>\n\n\n\n<li>le temps que dure l&#8217;impro<\/li>\n\n\n\n<li>le th\u00e8me de l&#8217;impro<\/li>\n<\/ul>\n<\/div><figure class=\"wp-block-media-text__media\"><img loading=\"lazy\" decoding=\"async\" width=\"1024\" height=\"544\" src=\"https:\/\/lescigalesdugresas.fr\/wp-content\/uploads\/2024\/12\/WhatsApp-Image-2024-12-01-a-15.49.46_f0e41c65-1024x544.jpg\" alt=\"\" class=\"wp-image-209 size-full\" srcset=\"https:\/\/lescigalesdugresas.fr\/wp-content\/uploads\/2024\/12\/WhatsApp-Image-2024-12-01-a-15.49.46_f0e41c65-1024x544.jpg 1024w, https:\/\/lescigalesdugresas.fr\/wp-content\/uploads\/2024\/12\/WhatsApp-Image-2024-12-01-a-15.49.46_f0e41c65-300x159.jpg 300w, https:\/\/lescigalesdugresas.fr\/wp-content\/uploads\/2024\/12\/WhatsApp-Image-2024-12-01-a-15.49.46_f0e41c65-768x408.jpg 768w, https:\/\/lescigalesdugresas.fr\/wp-content\/uploads\/2024\/12\/WhatsApp-Image-2024-12-01-a-15.49.46_f0e41c65-1536x816.jpg 1536w, https:\/\/lescigalesdugresas.fr\/wp-content\/uploads\/2024\/12\/WhatsApp-Image-2024-12-01-a-15.49.46_f0e41c65.jpg 1600w\" sizes=\"auto, (max-width: 767px) 89vw, (max-width: 1000px) 54vw, (max-width: 1071px) 543px, 580px\" \/><\/figure><\/div>\n\n\n\n<p>Dans la plupart des cas, c&#8217;est toi ! public ! qui choisit le th\u00e8me de l&#8217;impro. A l&#8217;entr\u00e9e du spectacle, des petits bouts de papier, des stylos et un bocal attendent tes id\u00e9es de th\u00e8me. Le MC piochera dans le bocal un th\u00e8me au hasard pour chaque impro. Alors, fait toi plaisir et invente les mondes les plus fous ! <\/p>\n\n\n\n<h2 class=\"wp-block-heading\">Nos cat\u00e9gories d&#8217;impro pr\u00e9f\u00e9r\u00e9es<\/h2>\n\n\n\n<div class=\"wp-block-group details is-layout-grid wp-container-core-group-is-layout-6be84c55 wp-block-group-is-layout-grid\">\n<details class=\"wp-block-details is-layout-flow wp-block-details-is-layout-flow\"><summary>La libre<\/summary>\n<p>Impro de 3 min, nombre de joueurs illimit\u00e9s, sur un th\u00e8me quelconque<\/p>\n<\/details>\n\n\n\n<details class=\"wp-block-details is-layout-flow wp-block-details-is-layout-flow\"><summary>Le carr\u00e9 magique<\/summary>\n<p>4 joueurs dispos\u00e9s en carr\u00e9s = 4 faces = 4 impros avec des th\u00e8mes diff\u00e9rents, qui s&#8217;enchainent au bon vouloir du MC<\/p>\n<\/details>\n\n\n\n<details class=\"wp-block-details is-layout-flow wp-block-details-is-layout-flow\"><summary>La love<\/summary>\n<p>Des personnages que tout oppose tombent soudain follement amoureux quand un slow r\u00e9sonne<\/p>\n<\/details>\n\n\n\n<details class=\"wp-block-details is-layout-flow wp-block-details-is-layout-flow\"><summary>La rim\u00e9e<\/summary>\n<p>Chaque joueur doit faire rimer sa phrase avec la derni\u00e8re phrase prononc\u00e9e<\/p>\n<\/details>\n\n\n\n<details class=\"wp-block-details is-layout-flow wp-block-details-is-layout-flow\"><summary>La dans\u00e9e<\/summary>\n<p>Le joueur qui parle est oblig\u00e9 de danser<\/p>\n<\/details>\n\n\n\n<details class=\"wp-block-details wp-container-content-2155ee95 is-layout-flow wp-block-details-is-layout-flow\"><summary>La chant\u00e9e<\/summary>\n<p>Le joueur qui intervient doit obligatoirement chanter<\/p>\n<\/details>\n\n\n\n<details class=\"wp-block-details wp-container-content-2155ee95 is-layout-flow wp-block-details-is-layout-flow\"><summary>L&#8217;ab\u00e9c\u00e9daire<\/summary>\n<p>A chaque fois qu&#8217;un joueur prend la parole, il doit commencer sa phrase par la lettre suivante de l&#8217;alphabet. Le MC peut d\u00e9cider de faire remonter l&#8217;alphabet ! <\/p>\n<\/details>\n\n\n\n<details class=\"wp-block-details is-layout-flow wp-block-details-is-layout-flow\"><summary>Le t\u00e9l\u00e9phone arabe<\/summary>\n<p>Le MC raconte une histoire qu&#8217;un premier joueur devra mimer au prochain joueur etc&#8230; le dernier joueur raconte l&#8217;histoire qu&#8217;il a compris<\/p>\n<\/details>\n\n\n\n<details class=\"wp-block-details is-layout-flow wp-block-details-is-layout-flow\"><summary>La LPO<\/summary>\n<p>C&#8217;est le public qui choisi un lieu, un personnage, un objectif. Tout le monde est dans la confidence sauf un joueur&#8230; <\/p>\n<\/details>\n\n\n\n<details class=\"wp-block-details is-layout-flow wp-block-details-is-layout-flow\"><summary>La radio-way<\/summary>\n<p>Le MC zappe d&#8217;une radio \u00e0 l&#8217;autre,  1 joeur par radio<\/p>\n<\/details>\n\n\n\n<details class=\"wp-block-details is-layout-flow wp-block-details-is-layout-flow\"><summary>La TV-way<\/summary>\n<p>Le MC zappe d&#8217;une chaine de t\u00e9l\u00e9 \u00e0 l&#8217;autre. 2 joueurs par chaine.<\/p>\n<\/details>\n\n\n\n<details class=\"wp-block-details is-layout-flow wp-block-details-is-layout-flow\"><summary>L&#8217;immeuble<\/summary>\n<p>le MC zappe d&#8217;un \u00e9tage \u00e0 l&#8217;autre. Tous les voisins finissent par se retrouver au m\u00eame \u00e9tage<\/p>\n<\/details>\n\n\n\n<details class=\"wp-block-details is-layout-flow wp-block-details-is-layout-flow\"><summary>La Mitraillade<\/summary>\n<p>Une impro de 30 secondes par joueur<\/p>\n<\/details>\n\n\n\n<details class=\"wp-block-details wp-container-content-2155ee95 is-layout-flow wp-block-details-is-layout-flow\"><summary>La Massacre<\/summary>\n<p>A la fin, tout le monde est mort. Mais attention, il faut r\u00e9ussir sa mort !<\/p>\n<\/details>\n\n\n\n<details class=\"wp-block-details is-layout-flow wp-block-details-is-layout-flow\"><summary>La No Limite<\/summary>\n<p>Aucune limite de lieu. Pr\u00e9parez vous \u00e0 voir les joueurs d\u00e9barquer au milieu du public !<\/p>\n<\/details>\n\n\n\n<details class=\"wp-block-details is-layout-flow wp-block-details-is-layout-flow\"><summary>La Point de vue<\/summary>\n<p>Un \u00e9v\u00e9nement, 4 points de vue. A chacun sa v\u00e9rit\u00e9.<\/p>\n<\/details>\n\n\n\n<details class=\"wp-block-details is-layout-flow wp-block-details-is-layout-flow\"><summary>On refait l&#8217;histoire<\/summary>\n<p>Quand les improximatifs rejouent un \u00e9v\u00e9nement historique que l&#8217;on connait tous&#8230;<\/p>\n<\/details>\n\n\n\n<details class=\"wp-block-details is-layout-flow wp-block-details-is-layout-flow\"><summary>Nombre de personnage impos\u00e9<\/summary>\n<p>En 1 minute, chaque joueur devra interpr\u00e9ter le nombre de personnages que lui aura donn\u00e9 le public<\/p>\n<\/details>\n\n\n\n<details class=\"wp-block-details is-layout-flow wp-block-details-is-layout-flow\"><summary>La Juke-Box<\/summary>\n<p>Les joueurs improvisent en chantant sur les timbres des plus c\u00e9l\u00e8bres chansons des chanteurs favoris du public<\/p>\n<\/details>\n\n\n\n<details class=\"wp-block-details is-layout-flow wp-block-details-is-layout-flow\"><summary>La Vocabulaire<\/summary>\n<p>Chaque joueur doit improviser sur un mot de vocabulaire qu&#8217;il ne connait pas toujours&#8230; pour nous en donner sa d\u00e9finition.<\/p>\n<\/details>\n<\/div>\n\n\n\n<p><\/p>\n","protected":false},"excerpt":{"rendered":"<p>Une seule \u00e9quipe de 6 joueurs qui enchaine dans un rythme endiabl\u00e9 les improvisations en deux sets de 45 minutes. Le tout sous la direction d&#8217;un MC ( ma\u00eetre de &hellip; <\/p>\n<p class=\"link-more\"><a href=\"https:\/\/lescigalesdugresas.fr\/index.php\/improximatifs\/les-plateaux\/\" class=\"more-link\">Continue reading<span class=\"screen-reader-text\"> &#8220;Les Plateaux d&#8217;improvisation&#8221;<\/span><\/a><\/p>\n","protected":false},"author":1,"featured_media":208,"parent":7,"menu_order":10,"comment_status":"closed","ping_status":"closed","template":"","meta":{"footnotes":""},"class_list":["post-9","page","type-page","status-publish","has-post-thumbnail","hentry"],"yoast_head":"<!-- This site is optimized with the Yoast SEO plugin v27.3 - https:\/\/yoast.com\/product\/yoast-seo-wordpress\/ -->\n<title>Les Plateaux d&#039;improvisation - Les Cigales du Gresas<\/title>\n<meta name=\"robots\" content=\"index, follow, max-snippet:-1, max-image-preview:large, max-video-preview:-1\" \/>\n<link rel=\"canonical\" href=\"https:\/\/lescigalesdugresas.fr\/index.php\/improximatifs\/les-plateaux\/\" \/>\n<meta property=\"og:locale\" content=\"en_US\" \/>\n<meta property=\"og:type\" content=\"article\" \/>\n<meta property=\"og:title\" content=\"Les Plateaux d&#039;improvisation - Les Cigales du Gresas\" \/>\n<meta property=\"og:description\" content=\"Une seule \u00e9quipe de 6 joueurs qui enchaine dans un rythme endiabl\u00e9 les improvisations en deux sets de 45 minutes. Le tout sous la direction d&#8217;un MC ( ma\u00eetre de &hellip; Continue reading &quot;Les Plateaux d&#8217;improvisation&quot;\" \/>\n<meta property=\"og:url\" content=\"https:\/\/lescigalesdugresas.fr\/index.php\/improximatifs\/les-plateaux\/\" \/>\n<meta property=\"og:site_name\" content=\"Les Cigales du Gresas\" \/>\n<meta property=\"article:publisher\" content=\"https:\/\/www.facebook.com\/people\/Les-Improximatifs\/100089205934147\/?_rdr\" \/>\n<meta property=\"article:modified_time\" content=\"2024-12-03T21:38:34+00:00\" \/>\n<meta property=\"og:image\" content=\"https:\/\/lescigalesdugresas.fr\/wp-content\/uploads\/2024\/12\/public-1.jpg\" \/>\n\t<meta property=\"og:image:width\" content=\"1600\" \/>\n\t<meta property=\"og:image:height\" content=\"850\" \/>\n\t<meta property=\"og:image:type\" content=\"image\/jpeg\" \/>\n<meta name=\"twitter:card\" content=\"summary_large_image\" \/>\n<meta name=\"twitter:label1\" content=\"Est. reading time\" \/>\n\t<meta name=\"twitter:data1\" content=\"2 minutes\" \/>\n<script type=\"application\/ld+json\" class=\"yoast-schema-graph\">{\"@context\":\"https:\\\/\\\/schema.org\",\"@graph\":[{\"@type\":\"WebPage\",\"@id\":\"https:\\\/\\\/lescigalesdugresas.fr\\\/index.php\\\/improximatifs\\\/les-plateaux\\\/\",\"url\":\"https:\\\/\\\/lescigalesdugresas.fr\\\/index.php\\\/improximatifs\\\/les-plateaux\\\/\",\"name\":\"Les Plateaux d'improvisation - Les Cigales du Gresas\",\"isPartOf\":{\"@id\":\"https:\\\/\\\/lescigalesdugresas.fr\\\/#website\"},\"primaryImageOfPage\":{\"@id\":\"https:\\\/\\\/lescigalesdugresas.fr\\\/index.php\\\/improximatifs\\\/les-plateaux\\\/#primaryimage\"},\"image\":{\"@id\":\"https:\\\/\\\/lescigalesdugresas.fr\\\/index.php\\\/improximatifs\\\/les-plateaux\\\/#primaryimage\"},\"thumbnailUrl\":\"https:\\\/\\\/lescigalesdugresas.fr\\\/wp-content\\\/uploads\\\/2024\\\/12\\\/public-1.jpg\",\"datePublished\":\"2024-11-05T19:07:40+00:00\",\"dateModified\":\"2024-12-03T21:38:34+00:00\",\"breadcrumb\":{\"@id\":\"https:\\\/\\\/lescigalesdugresas.fr\\\/index.php\\\/improximatifs\\\/les-plateaux\\\/#breadcrumb\"},\"inLanguage\":\"en-US\",\"potentialAction\":[{\"@type\":\"ReadAction\",\"target\":[\"https:\\\/\\\/lescigalesdugresas.fr\\\/index.php\\\/improximatifs\\\/les-plateaux\\\/\"]}]},{\"@type\":\"ImageObject\",\"inLanguage\":\"en-US\",\"@id\":\"https:\\\/\\\/lescigalesdugresas.fr\\\/index.php\\\/improximatifs\\\/les-plateaux\\\/#primaryimage\",\"url\":\"https:\\\/\\\/lescigalesdugresas.fr\\\/wp-content\\\/uploads\\\/2024\\\/12\\\/public-1.jpg\",\"contentUrl\":\"https:\\\/\\\/lescigalesdugresas.fr\\\/wp-content\\\/uploads\\\/2024\\\/12\\\/public-1.jpg\",\"width\":1600,\"height\":850},{\"@type\":\"BreadcrumbList\",\"@id\":\"https:\\\/\\\/lescigalesdugresas.fr\\\/index.php\\\/improximatifs\\\/les-plateaux\\\/#breadcrumb\",\"itemListElement\":[{\"@type\":\"ListItem\",\"position\":1,\"name\":\"Accueil\",\"item\":\"https:\\\/\\\/lescigalesdugresas.fr\\\/\"},{\"@type\":\"ListItem\",\"position\":2,\"name\":\"Les Improximatifs\",\"item\":\"https:\\\/\\\/lescigalesdugresas.fr\\\/index.php\\\/improximatifs\\\/\"},{\"@type\":\"ListItem\",\"position\":3,\"name\":\"Les Plateaux d&rsquo;improvisation\"}]},{\"@type\":\"WebSite\",\"@id\":\"https:\\\/\\\/lescigalesdugresas.fr\\\/#website\",\"url\":\"https:\\\/\\\/lescigalesdugresas.fr\\\/\",\"name\":\"Les Cigales du Gresas - Les Improximatifs\",\"description\":\"Association th\u00e9atre et impro dans le Gard et l&#039;H\u00e9rault\",\"publisher\":{\"@id\":\"https:\\\/\\\/lescigalesdugresas.fr\\\/#organization\"},\"alternateName\":\"Troupe de th\u00e9\u00e2tre et d'improvisation th\u00e9\u00e2trale\",\"potentialAction\":[{\"@type\":\"SearchAction\",\"target\":{\"@type\":\"EntryPoint\",\"urlTemplate\":\"https:\\\/\\\/lescigalesdugresas.fr\\\/?s={search_term_string}\"},\"query-input\":{\"@type\":\"PropertyValueSpecification\",\"valueRequired\":true,\"valueName\":\"search_term_string\"}}],\"inLanguage\":\"en-US\"},{\"@type\":\"Organization\",\"@id\":\"https:\\\/\\\/lescigalesdugresas.fr\\\/#organization\",\"name\":\"Les Cigales du Gresas - Les Improximatifs\",\"url\":\"https:\\\/\\\/lescigalesdugresas.fr\\\/\",\"logo\":{\"@type\":\"ImageObject\",\"inLanguage\":\"en-US\",\"@id\":\"https:\\\/\\\/lescigalesdugresas.fr\\\/#\\\/schema\\\/logo\\\/image\\\/\",\"url\":\"http:\\\/\\\/lescigalesdugresas.fr\\\/wp-content\\\/uploads\\\/2024\\\/12\\\/les_cigales_696.png\",\"contentUrl\":\"http:\\\/\\\/lescigalesdugresas.fr\\\/wp-content\\\/uploads\\\/2024\\\/12\\\/les_cigales_696.png\",\"width\":696,\"height\":696,\"caption\":\"Les Cigales du Gresas - Les Improximatifs\"},\"image\":{\"@id\":\"https:\\\/\\\/lescigalesdugresas.fr\\\/#\\\/schema\\\/logo\\\/image\\\/\"},\"sameAs\":[\"https:\\\/\\\/www.facebook.com\\\/people\\\/Les-Improximatifs\\\/100089205934147\\\/?_rdr\",\"https:\\\/\\\/www.instagram.com\\\/les_improximatifs\\\/\",\"https:\\\/\\\/www.facebook.com\\\/cigales.dugresas\\\/?locale=fr_FR\"]}]}<\/script>\n<!-- \/ Yoast SEO plugin. -->","yoast_head_json":{"title":"Les Plateaux d'improvisation - Les Cigales du Gresas","robots":{"index":"index","follow":"follow","max-snippet":"max-snippet:-1","max-image-preview":"max-image-preview:large","max-video-preview":"max-video-preview:-1"},"canonical":"https:\/\/lescigalesdugresas.fr\/index.php\/improximatifs\/les-plateaux\/","og_locale":"en_US","og_type":"article","og_title":"Les Plateaux d'improvisation - Les Cigales du Gresas","og_description":"Une seule \u00e9quipe de 6 joueurs qui enchaine dans un rythme endiabl\u00e9 les improvisations en deux sets de 45 minutes. Le tout sous la direction d&#8217;un MC ( ma\u00eetre de &hellip; Continue reading \"Les Plateaux d&#8217;improvisation\"","og_url":"https:\/\/lescigalesdugresas.fr\/index.php\/improximatifs\/les-plateaux\/","og_site_name":"Les Cigales du Gresas","article_publisher":"https:\/\/www.facebook.com\/people\/Les-Improximatifs\/100089205934147\/?_rdr","article_modified_time":"2024-12-03T21:38:34+00:00","og_image":[{"width":1600,"height":850,"url":"https:\/\/lescigalesdugresas.fr\/wp-content\/uploads\/2024\/12\/public-1.jpg","type":"image\/jpeg"}],"twitter_card":"summary_large_image","twitter_misc":{"Est. reading time":"2 minutes"},"schema":{"@context":"https:\/\/schema.org","@graph":[{"@type":"WebPage","@id":"https:\/\/lescigalesdugresas.fr\/index.php\/improximatifs\/les-plateaux\/","url":"https:\/\/lescigalesdugresas.fr\/index.php\/improximatifs\/les-plateaux\/","name":"Les Plateaux d'improvisation - Les Cigales du Gresas","isPartOf":{"@id":"https:\/\/lescigalesdugresas.fr\/#website"},"primaryImageOfPage":{"@id":"https:\/\/lescigalesdugresas.fr\/index.php\/improximatifs\/les-plateaux\/#primaryimage"},"image":{"@id":"https:\/\/lescigalesdugresas.fr\/index.php\/improximatifs\/les-plateaux\/#primaryimage"},"thumbnailUrl":"https:\/\/lescigalesdugresas.fr\/wp-content\/uploads\/2024\/12\/public-1.jpg","datePublished":"2024-11-05T19:07:40+00:00","dateModified":"2024-12-03T21:38:34+00:00","breadcrumb":{"@id":"https:\/\/lescigalesdugresas.fr\/index.php\/improximatifs\/les-plateaux\/#breadcrumb"},"inLanguage":"en-US","potentialAction":[{"@type":"ReadAction","target":["https:\/\/lescigalesdugresas.fr\/index.php\/improximatifs\/les-plateaux\/"]}]},{"@type":"ImageObject","inLanguage":"en-US","@id":"https:\/\/lescigalesdugresas.fr\/index.php\/improximatifs\/les-plateaux\/#primaryimage","url":"https:\/\/lescigalesdugresas.fr\/wp-content\/uploads\/2024\/12\/public-1.jpg","contentUrl":"https:\/\/lescigalesdugresas.fr\/wp-content\/uploads\/2024\/12\/public-1.jpg","width":1600,"height":850},{"@type":"BreadcrumbList","@id":"https:\/\/lescigalesdugresas.fr\/index.php\/improximatifs\/les-plateaux\/#breadcrumb","itemListElement":[{"@type":"ListItem","position":1,"name":"Accueil","item":"https:\/\/lescigalesdugresas.fr\/"},{"@type":"ListItem","position":2,"name":"Les Improximatifs","item":"https:\/\/lescigalesdugresas.fr\/index.php\/improximatifs\/"},{"@type":"ListItem","position":3,"name":"Les Plateaux d&rsquo;improvisation"}]},{"@type":"WebSite","@id":"https:\/\/lescigalesdugresas.fr\/#website","url":"https:\/\/lescigalesdugresas.fr\/","name":"Les Cigales du Gresas - Les Improximatifs","description":"Association th\u00e9atre et impro dans le Gard et l&#039;H\u00e9rault","publisher":{"@id":"https:\/\/lescigalesdugresas.fr\/#organization"},"alternateName":"Troupe de th\u00e9\u00e2tre et d'improvisation th\u00e9\u00e2trale","potentialAction":[{"@type":"SearchAction","target":{"@type":"EntryPoint","urlTemplate":"https:\/\/lescigalesdugresas.fr\/?s={search_term_string}"},"query-input":{"@type":"PropertyValueSpecification","valueRequired":true,"valueName":"search_term_string"}}],"inLanguage":"en-US"},{"@type":"Organization","@id":"https:\/\/lescigalesdugresas.fr\/#organization","name":"Les Cigales du Gresas - Les Improximatifs","url":"https:\/\/lescigalesdugresas.fr\/","logo":{"@type":"ImageObject","inLanguage":"en-US","@id":"https:\/\/lescigalesdugresas.fr\/#\/schema\/logo\/image\/","url":"http:\/\/lescigalesdugresas.fr\/wp-content\/uploads\/2024\/12\/les_cigales_696.png","contentUrl":"http:\/\/lescigalesdugresas.fr\/wp-content\/uploads\/2024\/12\/les_cigales_696.png","width":696,"height":696,"caption":"Les Cigales du Gresas - Les Improximatifs"},"image":{"@id":"https:\/\/lescigalesdugresas.fr\/#\/schema\/logo\/image\/"},"sameAs":["https:\/\/www.facebook.com\/people\/Les-Improximatifs\/100089205934147\/?_rdr","https:\/\/www.instagram.com\/les_improximatifs\/","https:\/\/www.facebook.com\/cigales.dugresas\/?locale=fr_FR"]}]}},"_links":{"self":[{"href":"https:\/\/lescigalesdugresas.fr\/index.php\/wp-json\/wp\/v2\/pages\/9","targetHints":{"allow":["GET"]}}],"collection":[{"href":"https:\/\/lescigalesdugresas.fr\/index.php\/wp-json\/wp\/v2\/pages"}],"about":[{"href":"https:\/\/lescigalesdugresas.fr\/index.php\/wp-json\/wp\/v2\/types\/page"}],"author":[{"embeddable":true,"href":"https:\/\/lescigalesdugresas.fr\/index.php\/wp-json\/wp\/v2\/users\/1"}],"replies":[{"embeddable":true,"href":"https:\/\/lescigalesdugresas.fr\/index.php\/wp-json\/wp\/v2\/comments?post=9"}],"version-history":[{"count":18,"href":"https:\/\/lescigalesdugresas.fr\/index.php\/wp-json\/wp\/v2\/pages\/9\/revisions"}],"predecessor-version":[{"id":221,"href":"https:\/\/lescigalesdugresas.fr\/index.php\/wp-json\/wp\/v2\/pages\/9\/revisions\/221"}],"up":[{"embeddable":true,"href":"https:\/\/lescigalesdugresas.fr\/index.php\/wp-json\/wp\/v2\/pages\/7"}],"wp:featuredmedia":[{"embeddable":true,"href":"https:\/\/lescigalesdugresas.fr\/index.php\/wp-json\/wp\/v2\/media\/208"}],"wp:attachment":[{"href":"https:\/\/lescigalesdugresas.fr\/index.php\/wp-json\/wp\/v2\/media?parent=9"}],"curies":[{"name":"wp","href":"https:\/\/api.w.org\/{rel}","templated":true}]}}